{"id":21621,"date":"2025-03-21T19:06:21","date_gmt":"2025-03-21T19:06:21","guid":{"rendered":"https:\/\/probewell.com\/?page_id=21621"},"modified":"2025-06-03T11:05:29","modified_gmt":"2025-06-03T11:05:29","slug":"complete-el-siguiente-formulario-para-programar-una-presentacion-personalizada-de-producto-en-linea","status":"publish","type":"page","link":"https:\/\/probewell.com\/es\/complete-el-siguiente-formulario-para-programar-una-presentacion-personalizada-de-producto-en-linea\/","title":{"rendered":"Rellene el siguiente formulario para registrarse en el seminario web de demostraci\u00f3n t\u00e9cnica de MT3-GT"},"content":{"rendered":"<div class=\"wpb-content-wrapper\"><p>[vc_row tablet_sm_visibility=\u00bbhide\u00bb mobile_visibility=\u00bbhide\u00bb][vc_column][vc_column_text css=\u00bb\u00bb]<\/p>\n<h2>\n            <span style=\"font-size: 38px;\">Formulario de registro de demostraci\u00f3n t\u00e9cnica de MT3-GT<\/span><br \/>\n          <\/h2>\n<p>[\/vc_column_text][\/vc_column][\/vc_row][vc_row desktop_visibility=\u00bbhide\u00bb tablet_visibility=\u00bbhide\u00bb][vc_column][vc_column_text css=\u00bb\u00bb]<\/p>\n<h2 style=\"text-align: center;\">\n            <span style=\"font-size: 32px;\">Formulario de registro de demostraci\u00f3n t\u00e9cnica de MT3-GT<\/span><br \/>\n          <\/h2>\n<p>[\/vc_column_text][\/vc_column][\/vc_row][vc_row][vc_column width=\u00bb1\/3&#8243;]<div class=\"grve-empty-space\" style=\"height: 24px;\"><\/div>[vc_row_inner][vc_column_inner]<div class=\"grve-element grve-image grve-align-center\" style=\"\">  <div class=\"grve-image-wrapper\"><img decoding=\"async\" width=\"150\" height=\"150\" src=\"https:\/\/probewell.com\/wp-content\/uploads\/2023\/04\/Mariana-Napoli_Sales-Director_Probewell-150x150.webp\" class=\"attachment-thumbnail size-thumbnail\" alt=\"Mariana Napoli | Sales Director | Directirce des ventes\" srcset=\"https:\/\/probewell.com\/wp-content\/uploads\/2023\/04\/Mariana-Napoli_Sales-Director_Probewell-150x150.webp 150w, https:\/\/probewell.com\/wp-content\/uploads\/2023\/04\/Mariana-Napoli_Sales-Director_Probewell-768x768.webp 768w, https:\/\/probewell.com\/wp-content\/uploads\/2023\/04\/Mariana-Napoli_Sales-Director_Probewell-560x560.webp 560w, https:\/\/probewell.com\/wp-content\/uploads\/2023\/04\/Mariana-Napoli_Sales-Director_Probewell-440x440.webp 440w, https:\/\/probewell.com\/wp-content\/uploads\/2023\/04\/Mariana-Napoli_Sales-Director_Probewell-600x600.webp 600w, https:\/\/probewell.com\/wp-content\/uploads\/2023\/04\/Mariana-Napoli_Sales-Director_Probewell-100x100.webp 100w, https:\/\/probewell.com\/wp-content\/uploads\/2023\/04\/Mariana-Napoli_Sales-Director_Probewell.webp 890w\" sizes=\"auto, (max-width: 150px) 100vw, 150px\" loading=\"lazy\" \/>   <\/div><\/div>[vc_column_text css=\u00bb\u00bb]<\/p>\n<h4 style=\"text-align: center;\"><a href=\"mailto:%20sales@probewell.com\"><span style=\"font-size: 12px;\">Mariana Napoli<\/span><\/a><br \/>\n<span style=\"font-size: 12px;\">Directora de Ventas<\/span><\/h4>\n<p>[\/vc_column_text][\/vc_column_inner][\/vc_row_inner]<div class=\"grve-empty-space\" style=\"height: 32px;\"><\/div>[vc_column_text css=\u00bb\u00bb]<\/p>\n<p style=\"text-align: center;\">La presentaci\u00f3n ser\u00e1 conducida por Mariana. Ella dar\u00e1 una demostraci\u00f3n detallada de c\u00f3mo funciona el producto y luego responder\u00e1 cualquier pregunta que pueda tener. <\/p>\n<p>[\/vc_column_text]<div class=\"grve-empty-space\" style=\"height: 32px;\"><\/div>[vc_column_text css=\u00bb\u00bb]<\/p>\n<h4 style=\"text-align: center;\">\n            <img decoding=\"async\" class=\"wp-image-14632 size-full aligncenter\" src=\"https:\/\/probewell.com\/wp-content\/uploads\/2023\/06\/Phone-1.webp\" alt=\"Probewell Lab | Contacto | N\u00famero de tel\u00e9fono: 1.866.626.1126 | Correo electr\u00f3nico: sales@probewell.com\" width=\"28\" height=\"27\"><br \/>\n          <\/h4>\n<h4 style=\"text-align: center;\">P\u00f3ngase en contacto directamente:<br \/>\n1.866.626.1126<\/h4>\n<p>[\/vc_column_text][\/vc_column][vc_column width=\u00bb2\/3&#8243;][vc_raw_js]JTNDZGl2JTIwaWQlM0QlMjJ6Zl9kaXZfVlNvbHhYMmJ3dTBkZ2VsSmd6ZnZUOWJxLW5ScDdIQWIyazZvWnF1bG1zbyUyMiUzRSUzQyUyRmRpdiUzRSUzQ3NjcmlwdCUyMHR5cGUlM0QlMjJ0ZXh0JTJGamF2YXNjcmlwdCUyMiUzRSUyOGZ1bmN0aW9uJTI4JTI5JTIwJTdCJTBEJTBBdHJ5JTdCJTBEJTBBdmFyJTIwZiUyMCUzRCUyMGRvY3VtZW50LmNyZWF0ZUVsZW1lbnQlMjglMjJpZnJhbWUlMjIlMjklM0IlMEQlMEFmLnNyYyUyMCUzRCUyMCUyN2h0dHBzJTNBJTJGJTJGZm9ybXMuem9ob3B1YmxpYy5jb20lMkZwcm9iZXdlbGxsYWJpbmMlMkZmb3JtJTJGVGVjaG5pY2FsRGVtb0dUU2VyaWVzMjAyNSUyRmZvcm1wZXJtYSUyRlZTb2x4WDJid3UwZGdlbEpnemZ2VDlicS1uUnA3SEFiMms2b1pxdWxtc28lM0Z6Zl9yc3pmbSUzRDElMjclM0IlMEQlMEFmLnN0eWxlLmJvcmRlciUzRCUyMm5vbmUlMjIlM0IlMEQlMEFmLnN0eWxlLmhlaWdodCUzRCUyMjQ3NXB4JTIyJTNCJTBEJTBBZi5zdHlsZS53aWR0aCUzRCUyMjkwJTI1JTIyJTNCJTBEJTBBZi5zdHlsZS50cmFuc2l0aW9uJTNEJTIyYWxsJTIwMC41cyUyMGVhc2UlMjIlM0IlMEQlMEFmLnNldEF0dHJpYnV0ZSUyOCUyMmFyaWEtbGFiZWwlMjIlMkMlMjAlMjdUZWNobmljYWwlNUN4MjBEZW1vJTVDeDIwTVQzJTVDeDJER1QlNUN4MjBNYXklNUN4MjAyOCUyQyU1Q3gyMDIwMjUlMjclMjklM0IlMEQlMEFmLnNldEF0dHJpYnV0ZSUyOCUyMmFsbG93JTIyJTJDJTIyZ2VvbG9jYXRpb24lM0IlMjIlMjklM0IlMEQlMEF2YXIlMjBkJTIwJTNEJTIwZG9jdW1lbnQuZ2V0RWxlbWVudEJ5SWQlMjglMjJ6Zl9kaXZfVlNvbHhYMmJ3dTBkZ2VsSmd6ZnZUOWJxLW5ScDdIQWIyazZvWnF1bG1zbyUyMiUyOSUzQiUwRCUwQWQuYXBwZW5kQ2hpbGQlMjhmJTI5JTNCJTBEJTBBd2luZG93LmFkZEV2ZW50TGlzdGVuZXIlMjglMjdtZXNzYWdlJTI3JTJDJTIwZnVuY3Rpb24lMjAlMjglMjklN0IlMEQlMEF2YXIlMjBldm50RGF0YSUyMCUzRCUyMGV2ZW50LmRhdGElM0IlMEQlMEFpZiUyOCUyMGV2bnREYXRhJTIwJTI2JTI2JTIwZXZudERhdGEuY29uc3RydWN0b3IlMjAlM0QlM0QlMjBTdHJpbmclMjAlMjklN0IlMEQlMEF2YXIlMjB6Zl9pZnJtX2RhdGElMjAlM0QlMjBldm50RGF0YS5zcGxpdCUyOCUyMiU3QyUyMiUyOSUzQiUwRCUwQWlmJTIwJTI4JTIwemZfaWZybV9kYXRhLmxlbmd0aCUyMCUzRCUzRCUyMDIlMjAlN0MlN0MlMjB6Zl9pZnJtX2RhdGEubGVuZ3RoJTIwJTNEJTNEJTIwMyUyMCUyOSUyMCU3QiUwRCUwQXZhciUyMHpmX3Blcm1hJTIwJTNEJTIwemZfaWZybV9kYXRhJTVCMCU1RCUzQiUwRCUwQXZhciUyMHpmX2lmcm1faHRfbnclMjAlM0QlMjAlMjglMjBwYXJzZUludCUyOHpmX2lmcm1fZGF0YSU1QjElNUQlMkMlMjAxMCUyOSUyMCUyQiUyMDE1JTIwJTI5JTIwJTJCJTIwJTIycHglMjIlM0IlMEQlMEF2YXIlMjBpZnJhbWUlMjAlM0QlMjBkb2N1bWVudC5nZXRFbGVtZW50QnlJZCUyOCUyMnpmX2Rpdl9WU29seFgyYnd1MGRnZWxKZ3pmdlQ5YnEtblJwN0hBYjJrNm9acXVsbXNvJTIyJTI5LmdldEVsZW1lbnRzQnlUYWdOYW1lJTI4JTIyaWZyYW1lJTIyJTI5JTVCMCU1RCUzQiUwRCUwQWlmJTIwJTI4JTIwJTI4aWZyYW1lLnNyYyUyOS5pbmRleE9mJTI4JTI3Zm9ybXBlcm1hJTI3JTI5JTIwJTNFJTIwMCUyMCUyNiUyNiUyMCUyOGlmcmFtZS5zcmMlMjkuaW5kZXhPZiUyOHpmX3Blcm1hJTI5JTIwJTNFJTIwMCUyMCUyOSUyMCU3QiUwRCUwQXZhciUyMHByZXZJZnJhbWVIZWlnaHQlMjAlM0QlMjBpZnJhbWUuc3R5bGUuaGVpZ2h0JTNCJTBEJTBBdmFyJTIwemZfdG91dCUyMCUzRCUyMGZhbHNlJTNCJTBEJTBBaWYlMjglMjB6Zl9pZnJtX2RhdGEubGVuZ3RoJTIwJTNEJTNEJTIwMyUyMCUyOSUyMCU3QiUwRCUwQWlmcmFtZS5zY3JvbGxJbnRvVmlldyUyOCUyOSUzQiUwRCUwQXpmX3RvdXQlMjAlM0QlMjB0cnVlJTNCJTBEJTBBJTdEJTBEJTBBaWYlMjAlMjglMjBwcmV2SWZyYW1lSGVpZ2h0JTIwJTIxJTNEJTIwemZfaWZybV9odF9udyUyMCUyOSUyMCU3QiUwRCUwQWlmJTI4JTIwemZfdG91dCUyMCUyOSUyMCU3QiUwRCUwQXNldFRpbWVvdXQlMjhmdW5jdGlvbiUyOCUyOSU3QiUwRCUwQWlmcmFtZS5zdHlsZS5oZWlnaHQlMjAlM0QlMjB6Zl9pZnJtX2h0X253JTNCJTBEJTBBJTdEJTJDNTAwJTI5JTNCJTBEJTBBJTdEJTIwZWxzZSUyMCU3QiUwRCUwQWlmcmFtZS5zdHlsZS5oZWlnaHQlMjAlM0QlMjB6Zl9pZnJtX2h0X253JTNCJTBEJTBBJTdEJTBEJTBBJTdEJTBEJTBBJTdEJTBEJTBBJTdEJTBEJTBBJTdEJTBEJTBBJTdEJTJDJTIwZmFsc2UlMjklM0IlMEQlMEElN0RjYXRjaCUyOGUlMjklN0IlN0QlMEQlMEElN0QlMjklMjglMjklM0IlM0MlMkZzY3JpcHQlM0U=[\/vc_raw_js][\/vc_column][\/vc_row]<\/p>\n<\/div>","protected":false},"excerpt":{"rendered":"<p>[vc_row tablet_sm_visibility=\u00bbhide\u00bb mobile_visibility=\u00bbhide\u00bb][vc_column][vc_column_text css=\u00bb\u00bb] Formulario de registro de demostraci\u00f3n t\u00e9cnica de MT3-GT [\/vc_column_text][\/vc_column][\/vc_row][vc_row desktop_visibility=\u00bbhide\u00bb tablet_visibility=\u00bbhide\u00bb][vc_column][vc_column_text css=\u00bb\u00bb] Formulario de registro de demostraci\u00f3n t\u00e9cnica de MT3-GT [\/vc_column_text][\/vc_column][\/vc_row][vc_row][vc_column width=\u00bb1\/3&#8243;][vc_row_inner][vc_column_inner][vc_column_text css=\u00bb\u00bb] Mariana Napoli Directora de Ventas [\/vc_column_text][\/vc_column_inner][\/vc_row_inner][vc_column_text css=\u00bb\u00bb] La presentaci\u00f3n ser\u00e1 conducida por Mariana. Ella dar\u00e1 una demostraci\u00f3n detallada de c\u00f3mo funciona el producto y luego responder\u00e1 cualquier pregunta [&hellip;]<\/p>\n","protected":false},"author":13,"featured_media":0,"parent":0,"menu_order":0,"comment_status":"closed","ping_status":"closed","template":"","meta":{"footnotes":""},"class_list":["post-21621","page","type-page","status-publish","hentry"],"yoast_head":"<!-- This site is optimized with the Yoast SEO Premium plugin v27.6 (Yoast SEO v27.6) - https:\/\/yoast.com\/product\/yoast-seo-premium-wordpress\/ -->\n<title>Formulario de Registro para la Demostraci\u00f3n T\u00e9cnica del MT3-GT | Probewell<\/title>\n<meta name=\"description\" content=\"Reg\u00edstrese para una demo t\u00e9cnica del MT3-GT con Mariana. Vea la presentaci\u00f3n y obtenga respuestas en vivo. \u00a1Participe ahora!\" \/>\n<meta name=\"robots\" content=\"index, follow, max-snippet:-1, max-image-preview:large, max-video-preview:-1\" \/>\n<link rel=\"canonical\" href=\"https:\/\/probewell.com\/es\/complete-el-siguiente-formulario-para-programar-una-presentacion-personalizada-de-producto-en-linea\/\" \/>\n<meta property=\"og:locale\" content=\"es_ES\" \/>\n<meta property=\"og:type\" content=\"article\" \/>\n<meta property=\"og:title\" content=\"Rellene el siguiente formulario para registrarse en el seminario web de demostraci\u00f3n t\u00e9cnica de MT3-GT\" \/>\n<meta property=\"og:description\" content=\"Reg\u00edstrese para una demo t\u00e9cnica del MT3-GT con Mariana. Vea la presentaci\u00f3n y obtenga respuestas en vivo. \u00a1Participe ahora!\" \/>\n<meta property=\"og:url\" content=\"https:\/\/probewell.com\/es\/complete-el-siguiente-formulario-para-programar-una-presentacion-personalizada-de-producto-en-linea\/\" \/>\n<meta property=\"og:site_name\" content=\"Probewell\" \/>\n<meta property=\"article:publisher\" content=\"https:\/\/www.facebook.com\/probewell\" \/>\n<meta property=\"article:modified_time\" content=\"2025-06-03T11:05:29+00:00\" \/>\n<meta property=\"og:image\" content=\"https:\/\/probewell.com\/wp-content\/uploads\/2023\/06\/Phone-1.webp\" \/>\n<meta name=\"twitter:card\" content=\"summary_large_image\" \/>\n<meta name=\"twitter:label1\" content=\"Tiempo de lectura\" \/>\n\t<meta name=\"twitter:data1\" content=\"1 minuto\" \/>\n<script type=\"application\/ld+json\" class=\"yoast-schema-graph\">{\"@context\":\"https:\\\/\\\/schema.org\",\"@graph\":[{\"@type\":\"WebPage\",\"@id\":\"https:\\\/\\\/probewell.com\\\/es\\\/complete-el-siguiente-formulario-para-programar-una-presentacion-personalizada-de-producto-en-linea\\\/\",\"url\":\"https:\\\/\\\/probewell.com\\\/es\\\/complete-el-siguiente-formulario-para-programar-una-presentacion-personalizada-de-producto-en-linea\\\/\",\"name\":\"Formulario de Registro para la Demostraci\u00f3n T\u00e9cnica del MT3-GT | Probewell\",\"isPartOf\":{\"@id\":\"https:\\\/\\\/probewell.com\\\/es\\\/#website\"},\"primaryImageOfPage\":{\"@id\":\"https:\\\/\\\/probewell.com\\\/es\\\/complete-el-siguiente-formulario-para-programar-una-presentacion-personalizada-de-producto-en-linea\\\/#primaryimage\"},\"image\":{\"@id\":\"https:\\\/\\\/probewell.com\\\/es\\\/complete-el-siguiente-formulario-para-programar-una-presentacion-personalizada-de-producto-en-linea\\\/#primaryimage\"},\"thumbnailUrl\":\"https:\\\/\\\/probewell.com\\\/wp-content\\\/uploads\\\/2023\\\/06\\\/Phone-1.webp\",\"datePublished\":\"2025-03-21T19:06:21+00:00\",\"dateModified\":\"2025-06-03T11:05:29+00:00\",\"description\":\"Reg\u00edstrese para una demo t\u00e9cnica del MT3-GT con Mariana. Vea la presentaci\u00f3n y obtenga respuestas en vivo. \u00a1Participe ahora!\",\"breadcrumb\":{\"@id\":\"https:\\\/\\\/probewell.com\\\/es\\\/complete-el-siguiente-formulario-para-programar-una-presentacion-personalizada-de-producto-en-linea\\\/#breadcrumb\"},\"inLanguage\":\"es\",\"potentialAction\":[{\"@type\":\"ReadAction\",\"target\":[\"https:\\\/\\\/probewell.com\\\/es\\\/complete-el-siguiente-formulario-para-programar-una-presentacion-personalizada-de-producto-en-linea\\\/\"]}]},{\"@type\":\"ImageObject\",\"inLanguage\":\"es\",\"@id\":\"https:\\\/\\\/probewell.com\\\/es\\\/complete-el-siguiente-formulario-para-programar-una-presentacion-personalizada-de-producto-en-linea\\\/#primaryimage\",\"url\":\"https:\\\/\\\/probewell.com\\\/wp-content\\\/uploads\\\/2023\\\/06\\\/Phone-1.webp\",\"contentUrl\":\"https:\\\/\\\/probewell.com\\\/wp-content\\\/uploads\\\/2023\\\/06\\\/Phone-1.webp\"},{\"@type\":\"BreadcrumbList\",\"@id\":\"https:\\\/\\\/probewell.com\\\/es\\\/complete-el-siguiente-formulario-para-programar-una-presentacion-personalizada-de-producto-en-linea\\\/#breadcrumb\",\"itemListElement\":[{\"@type\":\"ListItem\",\"position\":1,\"name\":\"Home\",\"item\":\"https:\\\/\\\/probewell.com\\\/es\\\/\"},{\"@type\":\"ListItem\",\"position\":2,\"name\":\"Rellene el siguiente formulario para registrarse en el seminario web de demostraci\u00f3n t\u00e9cnica de MT3-GT\"}]},{\"@type\":\"WebSite\",\"@id\":\"https:\\\/\\\/probewell.com\\\/es\\\/#website\",\"url\":\"https:\\\/\\\/probewell.com\\\/es\\\/\",\"name\":\"Probewell\",\"description\":\"Meter Test Board, Portable meter and transormer-rated site tester instruments for power utilities\",\"publisher\":{\"@id\":\"https:\\\/\\\/probewell.com\\\/es\\\/#organization\"},\"potentialAction\":[{\"@type\":\"SearchAction\",\"target\":{\"@type\":\"EntryPoint\",\"urlTemplate\":\"https:\\\/\\\/probewell.com\\\/es\\\/?s={search_term_string}\"},\"query-input\":{\"@type\":\"PropertyValueSpecification\",\"valueRequired\":true,\"valueName\":\"search_term_string\"}}],\"inLanguage\":\"es\"},{\"@type\":\"Organization\",\"@id\":\"https:\\\/\\\/probewell.com\\\/es\\\/#organization\",\"name\":\"Probewell Lab Inc.\",\"url\":\"https:\\\/\\\/probewell.com\\\/es\\\/\",\"logo\":{\"@type\":\"ImageObject\",\"inLanguage\":\"es\",\"@id\":\"https:\\\/\\\/probewell.com\\\/es\\\/#\\\/schema\\\/logo\\\/image\\\/\",\"url\":\"https:\\\/\\\/probewell.com\\\/wp-content\\\/uploads\\\/2023\\\/03\\\/Probewell_Icon_512x512.png\",\"contentUrl\":\"https:\\\/\\\/probewell.com\\\/wp-content\\\/uploads\\\/2023\\\/03\\\/Probewell_Icon_512x512.png\",\"width\":512,\"height\":512,\"caption\":\"Probewell Lab Inc.\"},\"image\":{\"@id\":\"https:\\\/\\\/probewell.com\\\/es\\\/#\\\/schema\\\/logo\\\/image\\\/\"},\"sameAs\":[\"https:\\\/\\\/www.facebook.com\\\/probewell\",\"https:\\\/\\\/www.linkedin.com\\\/company\\\/probewell-lab-inc\",\"https:\\\/\\\/www.youtube.com\\\/channel\\\/UCxUcKLW_7h5yMqFLV4tcirA\"]}]}<\/script>\n<!-- \/ Yoast SEO Premium plugin. -->","yoast_head_json":{"title":"Formulario de Registro para la Demostraci\u00f3n T\u00e9cnica del MT3-GT | Probewell","description":"Reg\u00edstrese para una demo t\u00e9cnica del MT3-GT con Mariana. Vea la presentaci\u00f3n y obtenga respuestas en vivo. \u00a1Participe ahora!","robots":{"index":"index","follow":"follow","max-snippet":"max-snippet:-1","max-image-preview":"max-image-preview:large","max-video-preview":"max-video-preview:-1"},"canonical":"https:\/\/probewell.com\/es\/complete-el-siguiente-formulario-para-programar-una-presentacion-personalizada-de-producto-en-linea\/","og_locale":"es_ES","og_type":"article","og_title":"Rellene el siguiente formulario para registrarse en el seminario web de demostraci\u00f3n t\u00e9cnica de MT3-GT","og_description":"Reg\u00edstrese para una demo t\u00e9cnica del MT3-GT con Mariana. Vea la presentaci\u00f3n y obtenga respuestas en vivo. \u00a1Participe ahora!","og_url":"https:\/\/probewell.com\/es\/complete-el-siguiente-formulario-para-programar-una-presentacion-personalizada-de-producto-en-linea\/","og_site_name":"Probewell","article_publisher":"https:\/\/www.facebook.com\/probewell","article_modified_time":"2025-06-03T11:05:29+00:00","og_image":[{"url":"https:\/\/probewell.com\/wp-content\/uploads\/2023\/06\/Phone-1.webp","type":"","width":"","height":""}],"twitter_card":"summary_large_image","twitter_misc":{"Tiempo de lectura":"1 minuto"},"schema":{"@context":"https:\/\/schema.org","@graph":[{"@type":"WebPage","@id":"https:\/\/probewell.com\/es\/complete-el-siguiente-formulario-para-programar-una-presentacion-personalizada-de-producto-en-linea\/","url":"https:\/\/probewell.com\/es\/complete-el-siguiente-formulario-para-programar-una-presentacion-personalizada-de-producto-en-linea\/","name":"Formulario de Registro para la Demostraci\u00f3n T\u00e9cnica del MT3-GT | Probewell","isPartOf":{"@id":"https:\/\/probewell.com\/es\/#website"},"primaryImageOfPage":{"@id":"https:\/\/probewell.com\/es\/complete-el-siguiente-formulario-para-programar-una-presentacion-personalizada-de-producto-en-linea\/#primaryimage"},"image":{"@id":"https:\/\/probewell.com\/es\/complete-el-siguiente-formulario-para-programar-una-presentacion-personalizada-de-producto-en-linea\/#primaryimage"},"thumbnailUrl":"https:\/\/probewell.com\/wp-content\/uploads\/2023\/06\/Phone-1.webp","datePublished":"2025-03-21T19:06:21+00:00","dateModified":"2025-06-03T11:05:29+00:00","description":"Reg\u00edstrese para una demo t\u00e9cnica del MT3-GT con Mariana. Vea la presentaci\u00f3n y obtenga respuestas en vivo. \u00a1Participe ahora!","breadcrumb":{"@id":"https:\/\/probewell.com\/es\/complete-el-siguiente-formulario-para-programar-una-presentacion-personalizada-de-producto-en-linea\/#breadcrumb"},"inLanguage":"es","potentialAction":[{"@type":"ReadAction","target":["https:\/\/probewell.com\/es\/complete-el-siguiente-formulario-para-programar-una-presentacion-personalizada-de-producto-en-linea\/"]}]},{"@type":"ImageObject","inLanguage":"es","@id":"https:\/\/probewell.com\/es\/complete-el-siguiente-formulario-para-programar-una-presentacion-personalizada-de-producto-en-linea\/#primaryimage","url":"https:\/\/probewell.com\/wp-content\/uploads\/2023\/06\/Phone-1.webp","contentUrl":"https:\/\/probewell.com\/wp-content\/uploads\/2023\/06\/Phone-1.webp"},{"@type":"BreadcrumbList","@id":"https:\/\/probewell.com\/es\/complete-el-siguiente-formulario-para-programar-una-presentacion-personalizada-de-producto-en-linea\/#breadcrumb","itemListElement":[{"@type":"ListItem","position":1,"name":"Home","item":"https:\/\/probewell.com\/es\/"},{"@type":"ListItem","position":2,"name":"Rellene el siguiente formulario para registrarse en el seminario web de demostraci\u00f3n t\u00e9cnica de MT3-GT"}]},{"@type":"WebSite","@id":"https:\/\/probewell.com\/es\/#website","url":"https:\/\/probewell.com\/es\/","name":"Probewell","description":"Meter Test Board, Portable meter and transormer-rated site tester instruments for power utilities","publisher":{"@id":"https:\/\/probewell.com\/es\/#organization"},"potentialAction":[{"@type":"SearchAction","target":{"@type":"EntryPoint","urlTemplate":"https:\/\/probewell.com\/es\/?s={search_term_string}"},"query-input":{"@type":"PropertyValueSpecification","valueRequired":true,"valueName":"search_term_string"}}],"inLanguage":"es"},{"@type":"Organization","@id":"https:\/\/probewell.com\/es\/#organization","name":"Probewell Lab Inc.","url":"https:\/\/probewell.com\/es\/","logo":{"@type":"ImageObject","inLanguage":"es","@id":"https:\/\/probewell.com\/es\/#\/schema\/logo\/image\/","url":"https:\/\/probewell.com\/wp-content\/uploads\/2023\/03\/Probewell_Icon_512x512.png","contentUrl":"https:\/\/probewell.com\/wp-content\/uploads\/2023\/03\/Probewell_Icon_512x512.png","width":512,"height":512,"caption":"Probewell Lab Inc."},"image":{"@id":"https:\/\/probewell.com\/es\/#\/schema\/logo\/image\/"},"sameAs":["https:\/\/www.facebook.com\/probewell","https:\/\/www.linkedin.com\/company\/probewell-lab-inc","https:\/\/www.youtube.com\/channel\/UCxUcKLW_7h5yMqFLV4tcirA"]}]}},"_links":{"self":[{"href":"https:\/\/probewell.com\/es\/wp-json\/wp\/v2\/pages\/21621","targetHints":{"allow":["GET"]}}],"collection":[{"href":"https:\/\/probewell.com\/es\/wp-json\/wp\/v2\/pages"}],"about":[{"href":"https:\/\/probewell.com\/es\/wp-json\/wp\/v2\/types\/page"}],"author":[{"embeddable":true,"href":"https:\/\/probewell.com\/es\/wp-json\/wp\/v2\/users\/13"}],"replies":[{"embeddable":true,"href":"https:\/\/probewell.com\/es\/wp-json\/wp\/v2\/comments?post=21621"}],"version-history":[{"count":10,"href":"https:\/\/probewell.com\/es\/wp-json\/wp\/v2\/pages\/21621\/revisions"}],"predecessor-version":[{"id":22299,"href":"https:\/\/probewell.com\/es\/wp-json\/wp\/v2\/pages\/21621\/revisions\/22299"}],"wp:attachment":[{"href":"https:\/\/probewell.com\/es\/wp-json\/wp\/v2\/media?parent=21621"}],"curies":[{"name":"wp","href":"https:\/\/api.w.org\/{rel}","templated":true}]}}