{"id":19788,"date":"2021-12-03T15:15:20","date_gmt":"2021-12-03T15:15:20","guid":{"rendered":"https:\/\/probewell.com\/gracias-su-solicitud-del-folleto-del-producto-probewell-se-ha-enviado-con-exito\/"},"modified":"2024-07-24T16:10:45","modified_gmt":"2024-07-24T16:10:45","slug":"gracias-su-solicitud-del-folleto-del-producto-probewell-se-ha-enviado-con-exito","status":"publish","type":"page","link":"https:\/\/probewell.com\/es\/gracias-su-solicitud-del-folleto-del-producto-probewell-se-ha-enviado-con-exito\/","title":{"rendered":"\u00a1Gracias! \u00a1Su solicitud del Folleto del Producto Probewell se ha enviado con \u00e9xito!"},"content":{"rendered":"<div class=\"wpb-content-wrapper\"><p>[vc_row][vc_column width=\u00bb2\/3&#8243;][vc_column_text css=\u00bb\u00bb]<span style=\"font-size: 18px;\">\u00a1Hola y gracias por ponerse en contacto con nosotros!<\/span><\/p>\n<p><span style=\"font-size: 18px;\">Su solicitud ha sido enviada con \u00e9xito y ser\u00e1 revisada en breve.<\/span><\/p>\n<p><span style=\"font-size: 18px; color: #ff0000;\">Si no ha recibido un correo electr\u00f3nico de confirmaci\u00f3n en un plazo de 24 horas, revise su correo electr\u00f3nico no deseado.<\/span><\/p>\n<div><span style=\"font-size: 18px;\">Adem\u00e1s, si necesita informaci\u00f3n m\u00e1s espec\u00edfica sobre sus procesos de prueba, podemos programar una presentaci\u00f3n en l\u00ednea donde podemos cubrir cualquier tema t\u00e9cnico que necesite y responder a sus preguntas. <a href=\"https:\/\/%24%7Bformlname:RequestaPersonalizedOnlinePresentation:1:%7D\/\" target=\"_blank\" rel=\"noopener noreferrer\">Haga clic aqu\u00ed para solicitar una presentaci\u00f3n personalizada en l\u00ednea.<\/a><\/span><\/div>\n<p>[\/vc_column_text][vc_column_text css=\u00bb\u00bb]<\/p>\n<div><span style=\"font-size: 20px;\">Mientras tanto, si necesita m\u00e1s ayuda, env\u00ede un correo electr\u00f3nico a: <a href=\"mailto:sales@probewell.com\" target=\"_blank\" rel=\"noopener noreferrer\">sales@probewell.com<\/a> o llame al: 1.866.626.1126<\/span><\/div>\n<p><span style=\"font-size: 20px;\">\u00a1Esperamos poder ayudarle!<\/span><\/p>\n<div><span style=\"font-size: 20px;\">Saludos cordiales, <\/span><\/div>\n<div><\/div>\n<div><span style=\"font-size: 20px;\">Mariana Napoli<\/span><\/div>\n<div><span style=\"font-size: 20px;\">Directora de Ventas<\/span><\/div>\n<p>[\/vc_column_text][\/vc_column][vc_column width=\u00bb1\/3&#8243;]<div class=\"grve-element grve-image grve-align-center\" style=\"\">  <div class=\"grve-image-wrapper\"><img decoding=\"async\" width=\"72\" height=\"81\" src=\"https:\/\/probewell.com\/wp-content\/uploads\/2023\/03\/Brochure-Probewell-e1689002643179.png\" class=\"attachment-full size-full\" alt=\"\" loading=\"lazy\" \/>   <\/div><\/div><div class=\"grve-empty-space grve-height-1x\" style=\"\"><\/div>[vc_column_text css=\u00bb\u00bb]<\/p>\n<h4 style=\"text-align: center;\"><span style=\"font-size: 18px;\">Folleto del Producto Probewell Lab<\/span><\/h4>\n<p>[\/vc_column_text][\/vc_column][\/vc_row]<\/p>\n<\/div>","protected":false},"excerpt":{"rendered":"<p>[vc_row][vc_column width=\u00bb2\/3&#8243;][vc_column_text css=\u00bb\u00bb]\u00a1Hola y gracias por ponerse en contacto con nosotros! Su solicitud ha sido enviada con \u00e9xito y ser\u00e1 revisada en breve. Si no ha recibido un correo electr\u00f3nico de confirmaci\u00f3n en un plazo de 24 horas, revise su correo electr\u00f3nico no deseado. Adem\u00e1s, si necesita informaci\u00f3n m\u00e1s espec\u00edfica sobre sus procesos de prueba, [&hellip;]<\/p>\n","protected":false},"author":13,"featured_media":0,"parent":0,"menu_order":0,"comment_status":"closed","ping_status":"closed","template":"","meta":{"footnotes":""},"class_list":["post-19788","page","type-page","status-publish","hentry"],"yoast_head":"<!-- This site is optimized with the Yoast SEO Premium plugin v27.6 (Yoast SEO v27.6) - https:\/\/yoast.com\/product\/yoast-seo-premium-wordpress\/ -->\n<title>\u00a1Gracias! \u00a1Su solicitud del Folleto del Producto Probewell se ha enviado con \u00e9xito! | Probewell<\/title>\n<meta name=\"robots\" content=\"index, follow, max-snippet:-1, max-image-preview:large, max-video-preview:-1\" \/>\n<link rel=\"canonical\" href=\"https:\/\/probewell.com\/es\/gracias-su-solicitud-del-folleto-del-producto-probewell-se-ha-enviado-con-exito\/\" \/>\n<meta property=\"og:locale\" content=\"es_ES\" \/>\n<meta property=\"og:type\" content=\"article\" \/>\n<meta property=\"og:title\" content=\"\u00a1Gracias! \u00a1Su solicitud del Folleto del Producto Probewell se ha enviado con \u00e9xito!\" \/>\n<meta property=\"og:description\" content=\"[vc_row][vc_column width=\u00bb2\/3&#8243;][vc_column_text css=\u00bb\u00bb]\u00a1Hola y gracias por ponerse en contacto con nosotros! Su solicitud ha sido enviada con \u00e9xito y ser\u00e1 revisada en breve. Si no ha recibido un correo electr\u00f3nico de confirmaci\u00f3n en un plazo de 24 horas, revise su correo electr\u00f3nico no deseado. Adem\u00e1s, si necesita informaci\u00f3n m\u00e1s espec\u00edfica sobre sus procesos de prueba, [&hellip;]\" \/>\n<meta property=\"og:url\" content=\"https:\/\/probewell.com\/es\/gracias-su-solicitud-del-folleto-del-producto-probewell-se-ha-enviado-con-exito\/\" \/>\n<meta property=\"og:site_name\" content=\"Probewell\" \/>\n<meta property=\"article:publisher\" content=\"https:\/\/www.facebook.com\/probewell\" \/>\n<meta property=\"article:modified_time\" content=\"2024-07-24T16:10:45+00:00\" \/>\n<meta name=\"twitter:card\" content=\"summary_large_image\" \/>\n<meta name=\"twitter:label1\" content=\"Tiempo de lectura\" \/>\n\t<meta name=\"twitter:data1\" content=\"1 minuto\" \/>\n<script type=\"application\/ld+json\" class=\"yoast-schema-graph\">{\"@context\":\"https:\\\/\\\/schema.org\",\"@graph\":[{\"@type\":\"WebPage\",\"@id\":\"https:\\\/\\\/probewell.com\\\/es\\\/gracias-su-solicitud-del-folleto-del-producto-probewell-se-ha-enviado-con-exito\\\/\",\"url\":\"https:\\\/\\\/probewell.com\\\/es\\\/gracias-su-solicitud-del-folleto-del-producto-probewell-se-ha-enviado-con-exito\\\/\",\"name\":\"\u00a1Gracias! \u00a1Su solicitud del Folleto del Producto Probewell se ha enviado con \u00e9xito! | Probewell\",\"isPartOf\":{\"@id\":\"https:\\\/\\\/probewell.com\\\/es\\\/#website\"},\"datePublished\":\"2021-12-03T15:15:20+00:00\",\"dateModified\":\"2024-07-24T16:10:45+00:00\",\"breadcrumb\":{\"@id\":\"https:\\\/\\\/probewell.com\\\/es\\\/gracias-su-solicitud-del-folleto-del-producto-probewell-se-ha-enviado-con-exito\\\/#breadcrumb\"},\"inLanguage\":\"es\",\"potentialAction\":[{\"@type\":\"ReadAction\",\"target\":[\"https:\\\/\\\/probewell.com\\\/es\\\/gracias-su-solicitud-del-folleto-del-producto-probewell-se-ha-enviado-con-exito\\\/\"]}]},{\"@type\":\"BreadcrumbList\",\"@id\":\"https:\\\/\\\/probewell.com\\\/es\\\/gracias-su-solicitud-del-folleto-del-producto-probewell-se-ha-enviado-con-exito\\\/#breadcrumb\",\"itemListElement\":[{\"@type\":\"ListItem\",\"position\":1,\"name\":\"Home\",\"item\":\"https:\\\/\\\/probewell.com\\\/es\\\/\"},{\"@type\":\"ListItem\",\"position\":2,\"name\":\"\u00a1Gracias! \u00a1Su solicitud del Folleto del Producto Probewell se ha enviado con \u00e9xito!\"}]},{\"@type\":\"WebSite\",\"@id\":\"https:\\\/\\\/probewell.com\\\/es\\\/#website\",\"url\":\"https:\\\/\\\/probewell.com\\\/es\\\/\",\"name\":\"Probewell\",\"description\":\"Meter Test Board, Portable meter and transormer-rated site tester instruments for power utilities\",\"publisher\":{\"@id\":\"https:\\\/\\\/probewell.com\\\/es\\\/#organization\"},\"potentialAction\":[{\"@type\":\"SearchAction\",\"target\":{\"@type\":\"EntryPoint\",\"urlTemplate\":\"https:\\\/\\\/probewell.com\\\/es\\\/?s={search_term_string}\"},\"query-input\":{\"@type\":\"PropertyValueSpecification\",\"valueRequired\":true,\"valueName\":\"search_term_string\"}}],\"inLanguage\":\"es\"},{\"@type\":\"Organization\",\"@id\":\"https:\\\/\\\/probewell.com\\\/es\\\/#organization\",\"name\":\"Probewell Lab Inc.\",\"url\":\"https:\\\/\\\/probewell.com\\\/es\\\/\",\"logo\":{\"@type\":\"ImageObject\",\"inLanguage\":\"es\",\"@id\":\"https:\\\/\\\/probewell.com\\\/es\\\/#\\\/schema\\\/logo\\\/image\\\/\",\"url\":\"https:\\\/\\\/probewell.com\\\/wp-content\\\/uploads\\\/2023\\\/03\\\/Probewell_Icon_512x512.png\",\"contentUrl\":\"https:\\\/\\\/probewell.com\\\/wp-content\\\/uploads\\\/2023\\\/03\\\/Probewell_Icon_512x512.png\",\"width\":512,\"height\":512,\"caption\":\"Probewell Lab Inc.\"},\"image\":{\"@id\":\"https:\\\/\\\/probewell.com\\\/es\\\/#\\\/schema\\\/logo\\\/image\\\/\"},\"sameAs\":[\"https:\\\/\\\/www.facebook.com\\\/probewell\",\"https:\\\/\\\/www.linkedin.com\\\/company\\\/probewell-lab-inc\",\"https:\\\/\\\/www.youtube.com\\\/channel\\\/UCxUcKLW_7h5yMqFLV4tcirA\"]}]}<\/script>\n<!-- \/ Yoast SEO Premium plugin. -->","yoast_head_json":{"title":"\u00a1Gracias! \u00a1Su solicitud del Folleto del Producto Probewell se ha enviado con \u00e9xito! | Probewell","robots":{"index":"index","follow":"follow","max-snippet":"max-snippet:-1","max-image-preview":"max-image-preview:large","max-video-preview":"max-video-preview:-1"},"canonical":"https:\/\/probewell.com\/es\/gracias-su-solicitud-del-folleto-del-producto-probewell-se-ha-enviado-con-exito\/","og_locale":"es_ES","og_type":"article","og_title":"\u00a1Gracias! \u00a1Su solicitud del Folleto del Producto Probewell se ha enviado con \u00e9xito!","og_description":"[vc_row][vc_column width=\u00bb2\/3&#8243;][vc_column_text css=\u00bb\u00bb]\u00a1Hola y gracias por ponerse en contacto con nosotros! Su solicitud ha sido enviada con \u00e9xito y ser\u00e1 revisada en breve. Si no ha recibido un correo electr\u00f3nico de confirmaci\u00f3n en un plazo de 24 horas, revise su correo electr\u00f3nico no deseado. Adem\u00e1s, si necesita informaci\u00f3n m\u00e1s espec\u00edfica sobre sus procesos de prueba, [&hellip;]","og_url":"https:\/\/probewell.com\/es\/gracias-su-solicitud-del-folleto-del-producto-probewell-se-ha-enviado-con-exito\/","og_site_name":"Probewell","article_publisher":"https:\/\/www.facebook.com\/probewell","article_modified_time":"2024-07-24T16:10:45+00:00","twitter_card":"summary_large_image","twitter_misc":{"Tiempo de lectura":"1 minuto"},"schema":{"@context":"https:\/\/schema.org","@graph":[{"@type":"WebPage","@id":"https:\/\/probewell.com\/es\/gracias-su-solicitud-del-folleto-del-producto-probewell-se-ha-enviado-con-exito\/","url":"https:\/\/probewell.com\/es\/gracias-su-solicitud-del-folleto-del-producto-probewell-se-ha-enviado-con-exito\/","name":"\u00a1Gracias! \u00a1Su solicitud del Folleto del Producto Probewell se ha enviado con \u00e9xito! | Probewell","isPartOf":{"@id":"https:\/\/probewell.com\/es\/#website"},"datePublished":"2021-12-03T15:15:20+00:00","dateModified":"2024-07-24T16:10:45+00:00","breadcrumb":{"@id":"https:\/\/probewell.com\/es\/gracias-su-solicitud-del-folleto-del-producto-probewell-se-ha-enviado-con-exito\/#breadcrumb"},"inLanguage":"es","potentialAction":[{"@type":"ReadAction","target":["https:\/\/probewell.com\/es\/gracias-su-solicitud-del-folleto-del-producto-probewell-se-ha-enviado-con-exito\/"]}]},{"@type":"BreadcrumbList","@id":"https:\/\/probewell.com\/es\/gracias-su-solicitud-del-folleto-del-producto-probewell-se-ha-enviado-con-exito\/#breadcrumb","itemListElement":[{"@type":"ListItem","position":1,"name":"Home","item":"https:\/\/probewell.com\/es\/"},{"@type":"ListItem","position":2,"name":"\u00a1Gracias! \u00a1Su solicitud del Folleto del Producto Probewell se ha enviado con \u00e9xito!"}]},{"@type":"WebSite","@id":"https:\/\/probewell.com\/es\/#website","url":"https:\/\/probewell.com\/es\/","name":"Probewell","description":"Meter Test Board, Portable meter and transormer-rated site tester instruments for power utilities","publisher":{"@id":"https:\/\/probewell.com\/es\/#organization"},"potentialAction":[{"@type":"SearchAction","target":{"@type":"EntryPoint","urlTemplate":"https:\/\/probewell.com\/es\/?s={search_term_string}"},"query-input":{"@type":"PropertyValueSpecification","valueRequired":true,"valueName":"search_term_string"}}],"inLanguage":"es"},{"@type":"Organization","@id":"https:\/\/probewell.com\/es\/#organization","name":"Probewell Lab Inc.","url":"https:\/\/probewell.com\/es\/","logo":{"@type":"ImageObject","inLanguage":"es","@id":"https:\/\/probewell.com\/es\/#\/schema\/logo\/image\/","url":"https:\/\/probewell.com\/wp-content\/uploads\/2023\/03\/Probewell_Icon_512x512.png","contentUrl":"https:\/\/probewell.com\/wp-content\/uploads\/2023\/03\/Probewell_Icon_512x512.png","width":512,"height":512,"caption":"Probewell Lab Inc."},"image":{"@id":"https:\/\/probewell.com\/es\/#\/schema\/logo\/image\/"},"sameAs":["https:\/\/www.facebook.com\/probewell","https:\/\/www.linkedin.com\/company\/probewell-lab-inc","https:\/\/www.youtube.com\/channel\/UCxUcKLW_7h5yMqFLV4tcirA"]}]}},"_links":{"self":[{"href":"https:\/\/probewell.com\/es\/wp-json\/wp\/v2\/pages\/19788","targetHints":{"allow":["GET"]}}],"collection":[{"href":"https:\/\/probewell.com\/es\/wp-json\/wp\/v2\/pages"}],"about":[{"href":"https:\/\/probewell.com\/es\/wp-json\/wp\/v2\/types\/page"}],"author":[{"embeddable":true,"href":"https:\/\/probewell.com\/es\/wp-json\/wp\/v2\/users\/13"}],"replies":[{"embeddable":true,"href":"https:\/\/probewell.com\/es\/wp-json\/wp\/v2\/comments?post=19788"}],"version-history":[{"count":10,"href":"https:\/\/probewell.com\/es\/wp-json\/wp\/v2\/pages\/19788\/revisions"}],"predecessor-version":[{"id":19800,"href":"https:\/\/probewell.com\/es\/wp-json\/wp\/v2\/pages\/19788\/revisions\/19800"}],"wp:attachment":[{"href":"https:\/\/probewell.com\/es\/wp-json\/wp\/v2\/media?parent=19788"}],"curies":[{"name":"wp","href":"https:\/\/api.w.org\/{rel}","templated":true}]}}