{"id":18431,"date":"2021-12-02T20:04:24","date_gmt":"2021-12-02T20:04:24","guid":{"rendered":"https:\/\/probewell.com\/complete-el-siguiente-formulario-para-recibir-su-copia-impresa-gratuita-del-folleto-del-producto-probewell-por-correo\/"},"modified":"2024-04-08T16:40:37","modified_gmt":"2024-04-08T16:40:37","slug":"complete-el-siguiente-formulario-para-recibir-su-copia-impresa-gratuita-del-folleto-del-producto-probewell-por-correo","status":"publish","type":"page","link":"https:\/\/probewell.com\/es\/complete-el-siguiente-formulario-para-recibir-su-copia-impresa-gratuita-del-folleto-del-producto-probewell-por-correo\/","title":{"rendered":"Complete el siguiente formulario para recibir su copia impresa gratuita del folleto del producto Probewell Lab por correo."},"content":{"rendered":"<div class=\"wpb-content-wrapper\"><p>[vc_row][vc_column width=\u00bb1\/3&#8243;][vc_single_image image=\u00bb9556&#8243; img_size=\u00bbmedium\u00bb][vc_column_text]<\/p>\n<p style=\"text-align: center;\">Disponible en ingl\u00e9s, franc\u00e9s y espa\u00f1ol<\/p>\n<p>[\/vc_column_text][vc_empty_space][vc_empty_space][\/vc_column][vc_column width=\u00bb2\/3&#8243;][vc_raw_js]JTNDZGl2JTIwaWQlM0QlMjJ6Zl9kaXZfUUJ2V3hscEJ1UHp6UWJqNm96Yk5VSGR2ZmhQdGlBY1JWUVdYc0FxU0xuUSUyMiUzRSUzQyUyRmRpdiUzRSUzQ3NjcmlwdCUyMHR5cGUlM0QlMjJ0ZXh0JTJGamF2YXNjcmlwdCUyMiUzRSUyOGZ1bmN0aW9uJTI4JTI5JTIwJTdCJTBBdHJ5JTdCJTBBdmFyJTIwZiUyMCUzRCUyMGRvY3VtZW50LmNyZWF0ZUVsZW1lbnQlMjglMjJpZnJhbWUlMjIlMjklM0IlMjAlMjAlMjAlMEFmLnNyYyUyMCUzRCUyMCUyN2h0dHBzJTNBJTJGJTJGZm9ybXMuem9ob3B1YmxpYy5jb20lMkZwcm9iZXdlbGxsYWJpbmMlMkZmb3JtJTJGQnJvY2h1cmVIYXJkY29weSUyRmZvcm1wZXJtYSUyRlFCdld4bHBCdVB6elFiajZvemJOVUhkdmZoUHRpQWNSVlFXWHNBcVNMblElM0Z6Zl9yc3pmbSUzRDElMjclM0IlMEFmLnN0eWxlLmJvcmRlciUzRCUyMm5vbmUlMjIlM0IlMjAlMjAlMjAlMjAlMjAlMjAlMjAlMjAlMjAlMjAlMjAlMjAlMjAlMjAlMjAlMjAlMjAlMjAlMjAlMjAlMjAlMjAlMjAlMjAlMjAlMjAlMjAlMjAlMjAlMjAlMjAlMjAlMjAlMjAlMjAlMjAlMjAlMjAlMjAlMjAlMjAlMjAlMjAlMEFmLnN0eWxlLmhlaWdodCUzRCUyMjE0NzlweCUyMiUzQiUwQWYuc3R5bGUud2lkdGglM0QlMjI5MCUyNSUyMiUzQiUwQWYuc3R5bGUudHJhbnNpdGlvbiUzRCUyMmFsbCUyMDAuNXMlMjBlYXNlJTIyJTNCJTBBdmFyJTIwZCUyMCUzRCUyMGRvY3VtZW50LmdldEVsZW1lbnRCeUlkJTI4JTIyemZfZGl2X1FCdld4bHBCdVB6elFiajZvemJOVUhkdmZoUHRpQWNSVlFXWHNBcVNMblElMjIlMjklM0IlMEFkLmFwcGVuZENoaWxkJTI4ZiUyOSUzQiUwQXdpbmRvdy5hZGRFdmVudExpc3RlbmVyJTI4JTI3bWVzc2FnZSUyNyUyQyUyMGZ1bmN0aW9uJTIwJTI4JTI5JTdCJTBBdmFyJTIwZXZudERhdGElMjAlM0QlMjBldmVudC5kYXRhJTNCJTBBaWYlMjglMjBldm50RGF0YSUyMCUyNiUyNiUyMGV2bnREYXRhLmNvbnN0cnVjdG9yJTIwJTNEJTNEJTIwU3RyaW5nJTIwJTI5JTdCJTBBdmFyJTIwemZfaWZybV9kYXRhJTIwJTNEJTIwZXZudERhdGEuc3BsaXQlMjglMjIlN0MlMjIlMjklM0IlMEFpZiUyMCUyOCUyMHpmX2lmcm1fZGF0YS5sZW5ndGglMjAlM0QlM0QlMjAyJTIwJTI5JTIwJTdCJTBBdmFyJTIwemZfcGVybWElMjAlM0QlMjB6Zl9pZnJtX2RhdGElNUIwJTVEJTNCJTBBdmFyJTIwemZfaWZybV9odF9udyUyMCUzRCUyMCUyOCUyMHBhcnNlSW50JTI4emZfaWZybV9kYXRhJTVCMSU1RCUyQyUyMDEwJTI5JTIwJTJCJTIwMTUlMjAlMjklMjAlMkIlMjAlMjJweCUyMiUzQiUwQXZhciUyMGlmcmFtZSUyMCUzRCUyMGRvY3VtZW50LmdldEVsZW1lbnRCeUlkJTI4JTIyemZfZGl2X1FCdld4bHBCdVB6elFiajZvemJOVUhkdmZoUHRpQWNSVlFXWHNBcVNMblElMjIlMjkuZ2V0RWxlbWVudHNCeVRhZ05hbWUlMjglMjJpZnJhbWUlMjIlMjklNUIwJTVEJTNCJTBBaWYlMjAlMjglMjAlMjhpZnJhbWUuc3JjJTI5LmluZGV4T2YlMjglMjdmb3JtcGVybWElMjclMjklMjAlM0UlMjAwJTIwJTI2JTI2JTIwJTI4aWZyYW1lLnNyYyUyOS5pbmRleE9mJTI4emZfcGVybWElMjklMjAlM0UlMjAwJTIwJTI5JTIwJTdCJTBBdmFyJTIwcHJldklmcmFtZUhlaWdodCUyMCUzRCUyMGlmcmFtZS5zdHlsZS5oZWlnaHQlM0IlMEFpZiUyMCUyOCUyMHByZXZJZnJhbWVIZWlnaHQlMjAlMjElM0QlMjB6Zl9pZnJtX2h0X253JTIwJTI5JTIwJTdCJTBBaWZyYW1lLnN0eWxlLmhlaWdodCUyMCUzRCUyMHpmX2lmcm1faHRfbnclM0IlMEElN0QlMjAlMjAlMjAlMEElN0QlMEElN0QlMEElN0QlMEElN0QlMkMlMjBmYWxzZSUyOSUzQiUwQSU3RGNhdGNoJTI4ZSUyOSU3QiU3RCUwQSU3RCUyOSUyOCUyOSUzQiUzQyUyRnNjcmlwdCUzRQ==[\/vc_raw_js][\/vc_column][\/vc_row]<\/p>\n<p><script type=\"text\/javascript\"> \nfunction ZFLead(){\n}\nZFLead.utmPValObj = ZFLead.utmPValObj || {};<\/p>\n<p>ZFLead.utmPNameArr = new Array('utm_source','utm_medium','utm_campaign','utm_term','utm_content');<\/p>\n<p>ZFLead.prototype.zfutm_getLeadVal = function(pName){\n\tvar qStr = '';\n\ttry{\n\t\tqStr = window.top.location.search.substring(1);\n\t} catch (e){\n\t\tqStr = '';\n\t}\n\tvar pNameTemp = pName + '=';\n\tvar pValue = '';\n\tif ( typeof qStr !== \"undefined\" && qStr !== null && qStr.length > 0 ){\n\t\tvar begin = qStr.indexOf(pNameTemp);\n\t\tif ( begin != -1 ){\n\t\t\tbegin = begin + pNameTemp.length;\n\t\t\tend = qStr.indexOf( '&', begin );\n\t\t\tif ( end == -1 ){\n\t\t\t\tend = qStr.length;\n\t\t\t}\n\t\t\tpValue = qStr.substring( begin, end );\n\t\t}\n\t}\n\tif (pValue == undefined || pValue == ''){\n\t\tpValue = this.zfutm_gC(pName);\n\t}\n\tif ( typeof pValue !== \"undefined\" && pValue !== null ){\n\t\tpValue = pValue.replace(\/\\+\/g,' ');\n\t}\n\treturn pValue;\n};<\/p>\n<p>ZFLead.prototype.zfutm_sC = function( paramName,path,domain,secure ){\n\tvar value = ZFLead.utmPValObj[paramName];\n\tif ( typeof value !== \"undefined\" && value !== null ){\n\t\tvar cookieStr = paramName + \"=\" + escape( value );\n\t\tvar exdate=new Date();\n\t\texdate.setDate(exdate.getDate()+7);\n\t\tcookieStr += \"; expires=\" + exdate.toGMTString();\n\t\tcookieStr += \"; path=\/\";\n\t\tif ( domain ) {\n\t\t\tcookieStr += \"; domain=\" + escape( domain );\n\t\t}\n\t\tif ( secure ) {\n\t\t\tcookieStr += \"; secure\";\n\t\t}\n\t\tdocument.cookie = cookieStr;\n\t}\n};<\/p>\n<p>ZFLead.prototype.zfutm_ini = function (){\n\tfor (var i = 0; i <ZFLead.utmPNameArr.length ; i ++){ var zf_pN = ZFLead.utmPNameArr[i]; var zf_pV = this.zfutm_getLeadVal(zf_pN); if ( typeof zf_pV !== \"undefined\" &#038;&#038; zf_pV !== null ) { ZFLead.utmPValObj[ zf_pN ] = zf_pV; } } for (var pkey in ZFLead.utmPValObj) { this.zfutm_sC(pkey); } }; ZFLead.prototype.zfutm_gC = function( cookieName ){ var cookieArr = document.cookie.split('; '); for ( var i = 0 ; i <cookieArr.length ; i ++ ){ var cookieVals = cookieArr[i].split('='); if ( cookieVals[0] === cookieName &#038;&#038; cookieVals[1] ) { return unescape(cookieVals[1]); } } }; ZFLead.prototype.zfutm_iframeSprt = function () { var zf_frame = document.getElementsByTagName(\"iframe\"); for(var i = 0; i <zf_frame.length; ++i){ if((zf_frame[i].src).indexOf('formperma')> 0 ){\n\t\t\tvar zf_src = zf_frame[i].src;\n\t\t\tfor( var prmIdx = 0 ; prmIdx <ZFLead.utmPNameArr.length ; prmIdx ++ ) { var utmPm = ZFLead.utmPNameArr[ prmIdx ]; var utmVal = this.zfutm_gC( ZFLead.utmPNameArr[ prmIdx ] ); if ( typeof utmVal !== \"undefined\" ) { if(zf_src.indexOf('?')> 0){\n\t                    zf_src = zf_src+'&'+utmPm+'='+utmVal;\n\t\t\t\t\t}else{\n\t\t\t\t\t    zf_src = zf_src+'?'+utmPm+'='+utmVal;\n\t\t\t\t\t}\n\t\t\t\t}\n\t\t\t}\n\t\t\tif ( zf_frame[i].src.length <zf_src.length ) { zf_frame[i].src = zf_src; } } } }; ZFLead.prototype.zfutm_DHtmlSprt = function () { var zf_formsArr = document.forms; for ( var frmInd = 0 ; frmInd <zf_formsArr.length ; frmInd ++ ) { var zf_form_act = zf_formsArr[frmInd].action; if ( zf_form_act &#038;&#038; zf_form_act.indexOf('formperma')> 0 ){\n\t\t\tfor( var prmIdx = 0 ; prmIdx <ZFLead.utmPNameArr.length ; prmIdx ++ ) { var utmPm = ZFLead.utmPNameArr[ prmIdx ]; var utmVal = this.zfutm_gC( ZFLead.utmPNameArr[ prmIdx ] ); if ( typeof utmVal !== \"undefined\" ) { var fieldObj = zf_formsArr[frmInd][utmPm]; if ( fieldObj ) { fieldObj.value = utmVal; } } } } } }; ZFLead.prototype.zfutm_jsEmbedSprt = function ( id ) { document.getElementById('zforms_iframe_id').removeAttribute(\"onload\"); var jsEmbdFrm = document.getElementById(\"zforms_iframe_id\"); var embdSrc = jsEmbdFrm.src; for( var prmIdx = 0 ; prmIdx <ZFLead.utmPNameArr.length ; prmIdx ++ ) { var utmPm = ZFLead.utmPNameArr[ prmIdx ]; var utmVal = this.zfutm_gC( ZFLead.utmPNameArr[ prmIdx ] ); if ( typeof utmVal !== \"undefined\" ) { if(embdSrc.indexOf('?')> 0){\n\t            embdSrc = embdSrc+'&'+utmPm+'='+utmVal;\n\t\t\t}else{\n\t\t\t    embdSrc = embdSrc+'?'+utmPm+'='+utmVal;\n\t\t\t}\n\t\t}\n\t}\n\tjsEmbdFrm.src = embdSrc;\n};\nvar zfutm_zfLead = new ZFLead();\nzfutm_zfLead.zfutm_ini();\nwindow.onload = function () {\n\tzfutm_zfLead.zfutm_iframeSprt();\n\tzfutm_zfLead.zfutm_DHtmlSprt();\n}\n<!-- wpml:html_fragment <\/script> --&gt;\n<\/p>\n<\/div>","protected":false},"excerpt":{"rendered":"<p>[vc_row][vc_column width=\u00bb1\/3&#8243;][vc_single_image image=\u00bb9556&#8243; img_size=\u00bbmedium\u00bb][vc_column_text] Disponible en ingl\u00e9s, franc\u00e9s y espa\u00f1ol [\/vc_column_text][vc_empty_space][vc_empty_space][\/vc_column][vc_column width=\u00bb2\/3&#8243;][vc_raw_js]JTNDZGl2JTIwaWQlM0QlMjJ6Zl9kaXZfUUJ2V3hscEJ1UHp6UWJqNm96Yk5VSGR2ZmhQdGlBY1JWUVdYc0FxU0xuUSUyMiUzRSUzQyUyRmRpdiUzRSUzQ3NjcmlwdCUyMHR5cGUlM0QlMjJ0ZXh0JTJGamF2YXNjcmlwdCUyMiUzRSUyOGZ1bmN0aW9uJTI4JTI5JTIwJTdCJTBBdHJ5JTdCJTBBdmFyJTIwZiUyMCUzRCUyMGRvY3VtZW50LmNyZWF0ZUVsZW1lbnQlMjglMjJpZnJhbWUlMjIlMjklM0IlMjAlMjAlMjAlMEFmLnNyYyUyMCUzRCUyMCUyN2h0dHBzJTNBJTJGJTJGZm9ybXMuem9ob3B1YmxpYy5jb20lMkZwcm9iZXdlbGxsYWJpbmMlMkZmb3JtJTJGQnJvY2h1cmVIYXJkY29weSUyRmZvcm1wZXJtYSUyRlFCdld4bHBCdVB6elFiajZvemJOVUhkdmZoUHRpQWNSVlFXWHNBcVNMblElM0Z6Zl9yc3pmbSUzRDElMjclM0IlMEFmLnN0eWxlLmJvcmRlciUzRCUyMm5vbmUlMjIlM0IlMjAlMjAlMjAlMjAlMjAlMjAlMjAlMjAlMjAlMjAlMjAlMjAlMjAlMjAlMjAlMjAlMjAlMjAlMjAlMjAlMjAlMjAlMjAlMjAlMjAlMjAlMjAlMjAlMjAlMjAlMjAlMjAlMjAlMjAlMjAlMjAlMjAlMjAlMjAlMjAlMjAlMjAlMjAlMEFmLnN0eWxlLmhlaWdodCUzRCUyMjE0NzlweCUyMiUzQiUwQWYuc3R5bGUud2lkdGglM0QlMjI5MCUyNSUyMiUzQiUwQWYuc3R5bGUudHJhbnNpdGlvbiUzRCUyMmFsbCUyMDAuNXMlMjBlYXNlJTIyJTNCJTBBdmFyJTIwZCUyMCUzRCUyMGRvY3VtZW50LmdldEVsZW1lbnRCeUlkJTI4JTIyemZfZGl2X1FCdld4bHBCdVB6elFiajZvemJOVUhkdmZoUHRpQWNSVlFXWHNBcVNMblElMjIlMjklM0IlMEFkLmFwcGVuZENoaWxkJTI4ZiUyOSUzQiUwQXdpbmRvdy5hZGRFdmVudExpc3RlbmVyJTI4JTI3bWVzc2FnZSUyNyUyQyUyMGZ1bmN0aW9uJTIwJTI4JTI5JTdCJTBBdmFyJTIwZXZudERhdGElMjAlM0QlMjBldmVudC5kYXRhJTNCJTBBaWYlMjglMjBldm50RGF0YSUyMCUyNiUyNiUyMGV2bnREYXRhLmNvbnN0cnVjdG9yJTIwJTNEJTNEJTIwU3RyaW5nJTIwJTI5JTdCJTBBdmFyJTIwemZfaWZybV9kYXRhJTIwJTNEJTIwZXZudERhdGEuc3BsaXQlMjglMjIlN0MlMjIlMjklM0IlMEFpZiUyMCUyOCUyMHpmX2lmcm1fZGF0YS5sZW5ndGglMjAlM0QlM0QlMjAyJTIwJTI5JTIwJTdCJTBBdmFyJTIwemZfcGVybWElMjAlM0QlMjB6Zl9pZnJtX2RhdGElNUIwJTVEJTNCJTBBdmFyJTIwemZfaWZybV9odF9udyUyMCUzRCUyMCUyOCUyMHBhcnNlSW50JTI4emZfaWZybV9kYXRhJTVCMSU1RCUyQyUyMDEwJTI5JTIwJTJCJTIwMTUlMjAlMjklMjAlMkIlMjAlMjJweCUyMiUzQiUwQXZhciUyMGlmcmFtZSUyMCUzRCUyMGRvY3VtZW50LmdldEVsZW1lbnRCeUlkJTI4JTIyemZfZGl2X1FCdld4bHBCdVB6elFiajZvemJOVUhkdmZoUHRpQWNSVlFXWHNBcVNMblElMjIlMjkuZ2V0RWxlbWVudHNCeVRhZ05hbWUlMjglMjJpZnJhbWUlMjIlMjklNUIwJTVEJTNCJTBBaWYlMjAlMjglMjAlMjhpZnJhbWUuc3JjJTI5LmluZGV4T2YlMjglMjdmb3JtcGVybWElMjclMjklMjAlM0UlMjAwJTIwJTI2JTI2JTIwJTI4aWZyYW1lLnNyYyUyOS5pbmRleE9mJTI4emZfcGVybWElMjklMjAlM0UlMjAwJTIwJTI5JTIwJTdCJTBBdmFyJTIwcHJldklmcmFtZUhlaWdodCUyMCUzRCUyMGlmcmFtZS5zdHlsZS5oZWlnaHQlM0IlMEFpZiUyMCUyOCUyMHByZXZJZnJhbWVIZWlnaHQlMjAlMjElM0QlMjB6Zl9pZnJtX2h0X253JTIwJTI5JTIwJTdCJTBBaWZyYW1lLnN0eWxlLmhlaWdodCUyMCUzRCUyMHpmX2lmcm1faHRfbnclM0IlMEElN0QlMjAlMjAlMjAlMEElN0QlMEElN0QlMEElN0QlMEElN0QlMkMlMjBmYWxzZSUyOSUzQiUwQSU3RGNhdGNoJTI4ZSUyOSU3QiU3RCUwQSU3RCUyOSUyOCUyOSUzQiUzQyUyRnNjcmlwdCUzRQ==[\/vc_raw_js][\/vc_column][\/vc_row] &#8211;&gt;<\/p>\n","protected":false},"author":13,"featured_media":0,"parent":0,"menu_order":0,"comment_status":"closed","ping_status":"closed","template":"","meta":{"footnotes":""},"class_list":["post-18431","page","type-page","status-publish","hentry"],"yoast_head":"<!-- This site is optimized with the Yoast SEO Premium plugin v27.6 (Yoast SEO v27.6) - https:\/\/yoast.com\/product\/yoast-seo-premium-wordpress\/ -->\n<title>Reciba una copia impresa gratuita del folleto del producto Probewell Lab por correo.<\/title>\n<meta name=\"description\" content=\"Reciba una copia impresa gratuita del folleto del producto Probewell Lab por correo, descubra las series inal\u00e1mbricas XT y WT, adem\u00e1s de la aplicaci\u00f3n Probewell Connect.\" \/>\n<meta name=\"robots\" content=\"index, follow, max-snippet:-1, max-image-preview:large, max-video-preview:-1\" \/>\n<link rel=\"canonical\" href=\"https:\/\/probewell.com\/es\/complete-el-siguiente-formulario-para-recibir-su-copia-impresa-gratuita-del-folleto-del-producto-probewell-por-correo\/\" \/>\n<meta property=\"og:locale\" content=\"es_ES\" \/>\n<meta property=\"og:type\" content=\"article\" \/>\n<meta property=\"og:title\" content=\"Complete el siguiente formulario para recibir su copia impresa gratuita del folleto del producto Probewell Lab por correo.\" \/>\n<meta property=\"og:description\" content=\"Reciba una copia impresa gratuita del folleto del producto Probewell Lab por correo, descubra las series inal\u00e1mbricas XT y WT, adem\u00e1s de la aplicaci\u00f3n Probewell Connect.\" \/>\n<meta property=\"og:url\" content=\"https:\/\/probewell.com\/es\/complete-el-siguiente-formulario-para-recibir-su-copia-impresa-gratuita-del-folleto-del-producto-probewell-por-correo\/\" \/>\n<meta property=\"og:site_name\" content=\"Probewell\" \/>\n<meta property=\"article:publisher\" content=\"https:\/\/www.facebook.com\/probewell\" \/>\n<meta property=\"article:modified_time\" content=\"2024-04-08T16:40:37+00:00\" \/>\n<meta name=\"twitter:card\" content=\"summary_large_image\" \/>\n<meta name=\"twitter:label1\" content=\"Tiempo de lectura\" \/>\n\t<meta name=\"twitter:data1\" content=\"1 minuto\" \/>\n<script type=\"application\/ld+json\" class=\"yoast-schema-graph\">{\"@context\":\"https:\\\/\\\/schema.org\",\"@graph\":[{\"@type\":\"WebPage\",\"@id\":\"https:\\\/\\\/probewell.com\\\/es\\\/complete-el-siguiente-formulario-para-recibir-su-copia-impresa-gratuita-del-folleto-del-producto-probewell-por-correo\\\/\",\"url\":\"https:\\\/\\\/probewell.com\\\/es\\\/complete-el-siguiente-formulario-para-recibir-su-copia-impresa-gratuita-del-folleto-del-producto-probewell-por-correo\\\/\",\"name\":\"Reciba una copia impresa gratuita del folleto del producto Probewell Lab por correo.\",\"isPartOf\":{\"@id\":\"https:\\\/\\\/probewell.com\\\/es\\\/#website\"},\"datePublished\":\"2021-12-02T20:04:24+00:00\",\"dateModified\":\"2024-04-08T16:40:37+00:00\",\"description\":\"Reciba una copia impresa gratuita del folleto del producto Probewell Lab por correo, descubra las series inal\u00e1mbricas XT y WT, adem\u00e1s de la aplicaci\u00f3n Probewell Connect.\",\"breadcrumb\":{\"@id\":\"https:\\\/\\\/probewell.com\\\/es\\\/complete-el-siguiente-formulario-para-recibir-su-copia-impresa-gratuita-del-folleto-del-producto-probewell-por-correo\\\/#breadcrumb\"},\"inLanguage\":\"es\",\"potentialAction\":[{\"@type\":\"ReadAction\",\"target\":[\"https:\\\/\\\/probewell.com\\\/es\\\/complete-el-siguiente-formulario-para-recibir-su-copia-impresa-gratuita-del-folleto-del-producto-probewell-por-correo\\\/\"]}]},{\"@type\":\"BreadcrumbList\",\"@id\":\"https:\\\/\\\/probewell.com\\\/es\\\/complete-el-siguiente-formulario-para-recibir-su-copia-impresa-gratuita-del-folleto-del-producto-probewell-por-correo\\\/#breadcrumb\",\"itemListElement\":[{\"@type\":\"ListItem\",\"position\":1,\"name\":\"Home\",\"item\":\"https:\\\/\\\/probewell.com\\\/es\\\/\"},{\"@type\":\"ListItem\",\"position\":2,\"name\":\"Complete el siguiente formulario para recibir su copia impresa gratuita del folleto del producto Probewell Lab por correo.\"}]},{\"@type\":\"WebSite\",\"@id\":\"https:\\\/\\\/probewell.com\\\/es\\\/#website\",\"url\":\"https:\\\/\\\/probewell.com\\\/es\\\/\",\"name\":\"Probewell\",\"description\":\"Meter Test Board, Portable meter and transormer-rated site tester instruments for power utilities\",\"publisher\":{\"@id\":\"https:\\\/\\\/probewell.com\\\/es\\\/#organization\"},\"potentialAction\":[{\"@type\":\"SearchAction\",\"target\":{\"@type\":\"EntryPoint\",\"urlTemplate\":\"https:\\\/\\\/probewell.com\\\/es\\\/?s={search_term_string}\"},\"query-input\":{\"@type\":\"PropertyValueSpecification\",\"valueRequired\":true,\"valueName\":\"search_term_string\"}}],\"inLanguage\":\"es\"},{\"@type\":\"Organization\",\"@id\":\"https:\\\/\\\/probewell.com\\\/es\\\/#organization\",\"name\":\"Probewell Lab Inc.\",\"url\":\"https:\\\/\\\/probewell.com\\\/es\\\/\",\"logo\":{\"@type\":\"ImageObject\",\"inLanguage\":\"es\",\"@id\":\"https:\\\/\\\/probewell.com\\\/es\\\/#\\\/schema\\\/logo\\\/image\\\/\",\"url\":\"https:\\\/\\\/probewell.com\\\/wp-content\\\/uploads\\\/2023\\\/03\\\/Probewell_Icon_512x512.png\",\"contentUrl\":\"https:\\\/\\\/probewell.com\\\/wp-content\\\/uploads\\\/2023\\\/03\\\/Probewell_Icon_512x512.png\",\"width\":512,\"height\":512,\"caption\":\"Probewell Lab Inc.\"},\"image\":{\"@id\":\"https:\\\/\\\/probewell.com\\\/es\\\/#\\\/schema\\\/logo\\\/image\\\/\"},\"sameAs\":[\"https:\\\/\\\/www.facebook.com\\\/probewell\",\"https:\\\/\\\/www.linkedin.com\\\/company\\\/probewell-lab-inc\",\"https:\\\/\\\/www.youtube.com\\\/channel\\\/UCxUcKLW_7h5yMqFLV4tcirA\"]}]}<\/script>\n<!-- \/ Yoast SEO Premium plugin. -->","yoast_head_json":{"title":"Reciba una copia impresa gratuita del folleto del producto Probewell Lab por correo.","description":"Reciba una copia impresa gratuita del folleto del producto Probewell Lab por correo, descubra las series inal\u00e1mbricas XT y WT, adem\u00e1s de la aplicaci\u00f3n Probewell Connect.","robots":{"index":"index","follow":"follow","max-snippet":"max-snippet:-1","max-image-preview":"max-image-preview:large","max-video-preview":"max-video-preview:-1"},"canonical":"https:\/\/probewell.com\/es\/complete-el-siguiente-formulario-para-recibir-su-copia-impresa-gratuita-del-folleto-del-producto-probewell-por-correo\/","og_locale":"es_ES","og_type":"article","og_title":"Complete el siguiente formulario para recibir su copia impresa gratuita del folleto del producto Probewell Lab por correo.","og_description":"Reciba una copia impresa gratuita del folleto del producto Probewell Lab por correo, descubra las series inal\u00e1mbricas XT y WT, adem\u00e1s de la aplicaci\u00f3n Probewell Connect.","og_url":"https:\/\/probewell.com\/es\/complete-el-siguiente-formulario-para-recibir-su-copia-impresa-gratuita-del-folleto-del-producto-probewell-por-correo\/","og_site_name":"Probewell","article_publisher":"https:\/\/www.facebook.com\/probewell","article_modified_time":"2024-04-08T16:40:37+00:00","twitter_card":"summary_large_image","twitter_misc":{"Tiempo de lectura":"1 minuto"},"schema":{"@context":"https:\/\/schema.org","@graph":[{"@type":"WebPage","@id":"https:\/\/probewell.com\/es\/complete-el-siguiente-formulario-para-recibir-su-copia-impresa-gratuita-del-folleto-del-producto-probewell-por-correo\/","url":"https:\/\/probewell.com\/es\/complete-el-siguiente-formulario-para-recibir-su-copia-impresa-gratuita-del-folleto-del-producto-probewell-por-correo\/","name":"Reciba una copia impresa gratuita del folleto del producto Probewell Lab por correo.","isPartOf":{"@id":"https:\/\/probewell.com\/es\/#website"},"datePublished":"2021-12-02T20:04:24+00:00","dateModified":"2024-04-08T16:40:37+00:00","description":"Reciba una copia impresa gratuita del folleto del producto Probewell Lab por correo, descubra las series inal\u00e1mbricas XT y WT, adem\u00e1s de la aplicaci\u00f3n Probewell Connect.","breadcrumb":{"@id":"https:\/\/probewell.com\/es\/complete-el-siguiente-formulario-para-recibir-su-copia-impresa-gratuita-del-folleto-del-producto-probewell-por-correo\/#breadcrumb"},"inLanguage":"es","potentialAction":[{"@type":"ReadAction","target":["https:\/\/probewell.com\/es\/complete-el-siguiente-formulario-para-recibir-su-copia-impresa-gratuita-del-folleto-del-producto-probewell-por-correo\/"]}]},{"@type":"BreadcrumbList","@id":"https:\/\/probewell.com\/es\/complete-el-siguiente-formulario-para-recibir-su-copia-impresa-gratuita-del-folleto-del-producto-probewell-por-correo\/#breadcrumb","itemListElement":[{"@type":"ListItem","position":1,"name":"Home","item":"https:\/\/probewell.com\/es\/"},{"@type":"ListItem","position":2,"name":"Complete el siguiente formulario para recibir su copia impresa gratuita del folleto del producto Probewell Lab por correo."}]},{"@type":"WebSite","@id":"https:\/\/probewell.com\/es\/#website","url":"https:\/\/probewell.com\/es\/","name":"Probewell","description":"Meter Test Board, Portable meter and transormer-rated site tester instruments for power utilities","publisher":{"@id":"https:\/\/probewell.com\/es\/#organization"},"potentialAction":[{"@type":"SearchAction","target":{"@type":"EntryPoint","urlTemplate":"https:\/\/probewell.com\/es\/?s={search_term_string}"},"query-input":{"@type":"PropertyValueSpecification","valueRequired":true,"valueName":"search_term_string"}}],"inLanguage":"es"},{"@type":"Organization","@id":"https:\/\/probewell.com\/es\/#organization","name":"Probewell Lab Inc.","url":"https:\/\/probewell.com\/es\/","logo":{"@type":"ImageObject","inLanguage":"es","@id":"https:\/\/probewell.com\/es\/#\/schema\/logo\/image\/","url":"https:\/\/probewell.com\/wp-content\/uploads\/2023\/03\/Probewell_Icon_512x512.png","contentUrl":"https:\/\/probewell.com\/wp-content\/uploads\/2023\/03\/Probewell_Icon_512x512.png","width":512,"height":512,"caption":"Probewell Lab Inc."},"image":{"@id":"https:\/\/probewell.com\/es\/#\/schema\/logo\/image\/"},"sameAs":["https:\/\/www.facebook.com\/probewell","https:\/\/www.linkedin.com\/company\/probewell-lab-inc","https:\/\/www.youtube.com\/channel\/UCxUcKLW_7h5yMqFLV4tcirA"]}]}},"_links":{"self":[{"href":"https:\/\/probewell.com\/es\/wp-json\/wp\/v2\/pages\/18431","targetHints":{"allow":["GET"]}}],"collection":[{"href":"https:\/\/probewell.com\/es\/wp-json\/wp\/v2\/pages"}],"about":[{"href":"https:\/\/probewell.com\/es\/wp-json\/wp\/v2\/types\/page"}],"author":[{"embeddable":true,"href":"https:\/\/probewell.com\/es\/wp-json\/wp\/v2\/users\/13"}],"replies":[{"embeddable":true,"href":"https:\/\/probewell.com\/es\/wp-json\/wp\/v2\/comments?post=18431"}],"version-history":[{"count":0,"href":"https:\/\/probewell.com\/es\/wp-json\/wp\/v2\/pages\/18431\/revisions"}],"wp:attachment":[{"href":"https:\/\/probewell.com\/es\/wp-json\/wp\/v2\/media?parent=18431"}],"curies":[{"name":"wp","href":"https:\/\/api.w.org\/{rel}","templated":true}]}}